{"id":7,"date":"2020-07-21T13:43:09","date_gmt":"2020-07-21T13:43:09","guid":{"rendered":"http:\/\/cdpv.ensad-nancy.net\/?page_id=7"},"modified":"2026-01-19T16:30:44","modified_gmt":"2026-01-19T16:30:44","slug":"a-propos-de","status":"publish","type":"page","link":"http:\/\/moulotheque-vannerie.fr\/en\/a-propos-de\/","title":{"rendered":"About"},"content":{"rendered":"<div class=\"wp-block-columns is-layout-flex wp-container-core-columns-is-layout-9d6595d7 wp-block-columns-is-layout-flex\">\n<div class=\"wp-block-column is-layout-flow wp-block-column-is-layout-flow\">\n<p class=\"has-normal-font-size\">Le projet de mouloth\u00e8que virtuelle est n\u00e9 en 2018 d&#8217;un partenariat entre le DM-lab, Laboratoire du Design des milieux de l&#8217;\u00c9cole nationale sup\u00e9rieure d&#8217;art et de design de Nancy (ENSAD Nancy) d\u00e9velopp\u00e9 par Alexandre Brugnoni et Patrick Beauc\u00e9, et le CDPV, Comit\u00e9 de D\u00e9veloppement et de Promotion de la Vannerie, implant\u00e9 \u00e0 Fayl-Billot.\u00a0<\/p>\n\n\n\n<p class=\"has-normal-font-size\">The virtual mould library aims to show the interest of basketry on mould for creation and to encourage new collaborations between designers and basket makers.<\/p>\n\n\n\n<p class=\"has-normal-font-size\">The 3D printed mold provides a concrete form for the basket maker to follow. As such, it constitutes both a material support allowing the accuracy of the expected result and a communication tool between the designer and the basket maker (it is not necessary to know how to read a complex plan, no misunderstanding between the languages \u200b\u200bof each other). The virtual mold library shows traditional molds and designer projects, as many demonstrators of the creative interest of mold-based basketry. Each project is presented with its mold and the piece of basketwork.<\/p>\n<\/div>\n\n\n\n<div class=\"wp-block-column is-layout-flow wp-block-column-is-layout-flow\">\n<p class=\"has-normal-font-size\"><strong>This platform allows the consultation :<\/strong><\/p>\n\n\n\n<ul class=\"wp-block-list has-normal-font-size\">\n<li>Photographs and various documents concerning moulds and basketry work<\/li>\n\n\n\n<li>Instruction manuals for the design of moulds compatible with basketry skills<\/li>\n\n\n\n<li>Information on the different weavings, tools and basketry techniques<\/li>\n<\/ul>\n\n\n\n<p class=\"has-normal-font-size\"><strong>Pour les vanniers professionnels adh\u00e9rents de l&#8217;association CDPV et \u00e0 jour de leur cotisation annuelle.<\/strong><\/p>\n\n\n\n<p class=\"has-normal-font-size\"><strong>le t\u00e9l\u00e9chargement de :<\/strong><\/p>\n\n\n\n<ul class=\"wp-block-list has-normal-font-size\">\n<li>3D modeling of traditional molds<\/li>\n\n\n\n<li>Digital files in STL for 3D printing of traditional molds<\/li>\n<\/ul>\n\n\n\n<p><strong>Prochainement<\/strong> :<\/p>\n\n\n\n<ul class=\"wp-block-list has-normal-font-size\">\n<li>Les fichiers num\u00e9riques en STL des moules de la section projet<\/li>\n\n\n\n<li>Instructions for use of the molds and notices necessary for the realization of the basketry pieces<\/li>\n<\/ul>\n\n\n\n<p><\/p>\n<\/div>\n<\/div>","protected":false},"excerpt":{"rendered":"<p>Le projet de mouloth\u00e8que virtuelle est n\u00e9 en 2018 d&#8217;un partenariat entre le DM-lab, Laboratoire du Design des milieux de l&#8217;\u00c9cole nationale sup\u00e9rieure d&#8217;art et de design de Nancy (ENSAD Nancy) d\u00e9velopp\u00e9 par Alexandre Brugnoni et Patrick Beauc\u00e9, et le CDPV, Comit\u00e9 de D\u00e9veloppement et de Promotion de la Vannerie, implant\u00e9 \u00e0 Fayl-Billot.\u00a0 La mouloth\u00e8que [&hellip;]<\/p>\n","protected":false},"author":1,"featured_media":0,"parent":0,"menu_order":0,"comment_status":"closed","ping_status":"closed","template":"templates\/template-full-width.php","meta":{"_acf_changed":false,"footnotes":""},"class_list":["post-7","page","type-page","status-publish","hentry"],"acf":[],"jetpack_sharing_enabled":true,"_links":{"self":[{"href":"http:\/\/moulotheque-vannerie.fr\/en\/wp-json\/wp\/v2\/pages\/7","targetHints":{"allow":["GET"]}}],"collection":[{"href":"http:\/\/moulotheque-vannerie.fr\/en\/wp-json\/wp\/v2\/pages"}],"about":[{"href":"http:\/\/moulotheque-vannerie.fr\/en\/wp-json\/wp\/v2\/types\/page"}],"author":[{"embeddable":true,"href":"http:\/\/moulotheque-vannerie.fr\/en\/wp-json\/wp\/v2\/users\/1"}],"replies":[{"embeddable":true,"href":"http:\/\/moulotheque-vannerie.fr\/en\/wp-json\/wp\/v2\/comments?post=7"}],"version-history":[{"count":24,"href":"http:\/\/moulotheque-vannerie.fr\/en\/wp-json\/wp\/v2\/pages\/7\/revisions"}],"predecessor-version":[{"id":3706,"href":"http:\/\/moulotheque-vannerie.fr\/en\/wp-json\/wp\/v2\/pages\/7\/revisions\/3706"}],"wp:attachment":[{"href":"http:\/\/moulotheque-vannerie.fr\/en\/wp-json\/wp\/v2\/media?parent=7"}],"curies":[{"name":"wp","href":"https:\/\/api.w.org\/{rel}","templated":true}]}}