{"id":7,"date":"2020-07-21T13:43:09","date_gmt":"2020-07-21T13:43:09","guid":{"rendered":"http:\/\/cdpv.ensad-nancy.net\/?page_id=7"},"modified":"2026-01-19T16:30:44","modified_gmt":"2026-01-19T16:30:44","slug":"a-propos-de","status":"publish","type":"page","link":"http:\/\/moulotheque-vannerie.fr\/fr\/a-propos-de\/","title":{"rendered":"\u00c0 propos de"},"content":{"rendered":"\n<div class=\"wp-block-columns is-layout-flex wp-container-core-columns-is-layout-9d6595d7 wp-block-columns-is-layout-flex\">\n<div class=\"wp-block-column is-layout-flow wp-block-column-is-layout-flow\">\n<p class=\"has-normal-font-size\">Le projet de mouloth\u00e8que virtuelle est n\u00e9 en 2018 d&#8217;un partenariat entre le DM-lab, Laboratoire du Design des milieux de l&#8217;\u00c9cole nationale sup\u00e9rieure d&#8217;art et de design de Nancy (ENSAD Nancy) d\u00e9velopp\u00e9 par Alexandre Brugnoni et Patrick Beauc\u00e9, et le CDPV, Comit\u00e9 de D\u00e9veloppement et de Promotion de la Vannerie, implant\u00e9 \u00e0 Fayl-Billot.\u00a0<\/p>\n\n\n\n<p class=\"has-normal-font-size\">La mouloth\u00e8que virtuelle a pour objectif de montrer l\u2019int\u00e9r\u00eat de la vannerie sur moule pour la cr\u00e9ation et de favoriser de nouvelles collaborations entre designers et vanniers.<\/p>\n\n\n\n<p class=\"has-normal-font-size\">Le moule imprim\u00e9 en 3D&nbsp;permet de disposer d\u2019une forme concr\u00e8te \u00e0 suivre par le vannier. \u00c0 ce titre,&nbsp; il constitue \u00e0 la fois un support mat\u00e9riel permettant l\u2019exactitude du r\u00e9sultat attendu et un outil de communication entre le concepteur et le vannier (il n\u2019est pas n\u00e9cessaire de savoir lire un plan complexe, pas d\u2019incompr\u00e9hension entre les langages des uns et des autres). La mouloth\u00e8que virtuelle montre des moules traditionnels et des projets de designers, comme autant de d\u00e9monstrateurs de l\u2019int\u00e9r\u00eat cr\u00e9atif de la vannerie sur moule.&nbsp;Chaque projet est pr\u00e9sent\u00e9 avec son moule et la pi\u00e8ce de vannerie.<\/p>\n<\/div>\n\n\n\n<div class=\"wp-block-column is-layout-flow wp-block-column-is-layout-flow\">\n<p class=\"has-normal-font-size\"><strong>Cette plateforme permet la consultation :<\/strong><\/p>\n\n\n\n<ul class=\"wp-block-list has-normal-font-size\">\n<li>De photographies et divers documents concernant les moules et les r\u00e9alisations en vannerie<\/li>\n\n\n\n<li>De notices didactiques pour la conception de moules compatibles avec les savoir-faire en vannerie<\/li>\n\n\n\n<li>D&#8217;informations sur les diff\u00e9rents tressages, outils et techniques de vannerie<\/li>\n<\/ul>\n\n\n\n<p class=\"has-normal-font-size\"><strong>Pour les vanniers professionnels adh\u00e9rents de l&#8217;association CDPV et \u00e0 jour de leur cotisation annuelle.<\/strong><\/p>\n\n\n\n<p class=\"has-normal-font-size\"><strong>le t\u00e9l\u00e9chargement de :<\/strong><\/p>\n\n\n\n<ul class=\"wp-block-list has-normal-font-size\">\n<li>Mod\u00e9lisations 3D des moules traditionnels<\/li>\n\n\n\n<li>Fichiers num\u00e9riques en STL pour l&#8217;impression 3D des moules traditionnels<\/li>\n<\/ul>\n\n\n\n<p><strong>Prochainement<\/strong> :<\/p>\n\n\n\n<ul class=\"wp-block-list has-normal-font-size\">\n<li>Les fichiers num\u00e9riques en STL des moules de la section projet<\/li>\n\n\n\n<li>Modes d&#8217;emploi des moules et notices n\u00e9cessaires \u00e0 la r\u00e9alisation des pi\u00e8ces de vannerie<\/li>\n<\/ul>\n\n\n\n<p><\/p>\n<\/div>\n<\/div>\n","protected":false},"excerpt":{"rendered":"<p>Le projet de mouloth\u00e8que virtuelle est n\u00e9 en 2018 d&#8217;un partenariat entre le DM-lab, Laboratoire du Design des milieux de l&#8217;\u00c9cole nationale sup\u00e9rieure d&#8217;art et de design de Nancy (ENSAD Nancy) d\u00e9velopp\u00e9 par Alexandre Brugnoni et Patrick Beauc\u00e9, et le CDPV, Comit\u00e9 de D\u00e9veloppement et de Promotion de la Vannerie, implant\u00e9 \u00e0 Fayl-Billot.\u00a0 La mouloth\u00e8que [&hellip;]<\/p>\n","protected":false},"author":1,"featured_media":0,"parent":0,"menu_order":0,"comment_status":"closed","ping_status":"closed","template":"templates\/template-full-width.php","meta":{"_acf_changed":false,"footnotes":""},"class_list":["post-7","page","type-page","status-publish","hentry"],"acf":[],"jetpack_sharing_enabled":true,"_links":{"self":[{"href":"http:\/\/moulotheque-vannerie.fr\/fr\/wp-json\/wp\/v2\/pages\/7","targetHints":{"allow":["GET"]}}],"collection":[{"href":"http:\/\/moulotheque-vannerie.fr\/fr\/wp-json\/wp\/v2\/pages"}],"about":[{"href":"http:\/\/moulotheque-vannerie.fr\/fr\/wp-json\/wp\/v2\/types\/page"}],"author":[{"embeddable":true,"href":"http:\/\/moulotheque-vannerie.fr\/fr\/wp-json\/wp\/v2\/users\/1"}],"replies":[{"embeddable":true,"href":"http:\/\/moulotheque-vannerie.fr\/fr\/wp-json\/wp\/v2\/comments?post=7"}],"version-history":[{"count":24,"href":"http:\/\/moulotheque-vannerie.fr\/fr\/wp-json\/wp\/v2\/pages\/7\/revisions"}],"predecessor-version":[{"id":3706,"href":"http:\/\/moulotheque-vannerie.fr\/fr\/wp-json\/wp\/v2\/pages\/7\/revisions\/3706"}],"wp:attachment":[{"href":"http:\/\/moulotheque-vannerie.fr\/fr\/wp-json\/wp\/v2\/media?parent=7"}],"curies":[{"name":"wp","href":"https:\/\/api.w.org\/{rel}","templated":true}]}}