{"id":332,"date":"2021-02-17T15:12:10","date_gmt":"2021-02-17T15:12:10","guid":{"rendered":"http:\/\/cdpv.ensad-nancy.net\/?page_id=332"},"modified":"2022-06-01T09:49:50","modified_gmt":"2022-06-01T09:49:50","slug":"la-vannerie-sur-moule","status":"publish","type":"page","link":"https:\/\/moulotheque-vannerie.fr\/en\/la-vannerie-sur-moule\/","title":{"rendered":"Basketry on mould"},"content":{"rendered":"<div class=\"wp-block-columns alignwide has-secondary-color has-text-color is-layout-flex wp-container-core-columns-is-layout-9d6595d7 wp-block-columns-is-layout-flex\">\n<div class=\"wp-block-column is-layout-flow wp-block-column-is-layout-flow\" style=\"flex-basis:39.66%\">\n<p>Wicker basket molds are traditionally wooden shapes that serve as a template or guide to obtain and reproduce a precise shape. The particularity of some is to be dismountable in order to easily remove them from the object once the braiding is finished.<\/p>\n\n\n\n<p>3D printing of moulds offers advantages over wooden molds.<\/p>\n\n\n\n<p>It allows you to obtain molds:<\/p>\n\n\n\n<ul class=\"wp-block-list\"><li>Lighter<\/li><li>Easier to produce and reproduce<\/li><li>Easier to edit<\/li><li>Easier to share<\/li><li>Produced directly by designers without intermediaries<\/li><li>Possibly with more complex shapes<\/li><\/ul>\n\n\n\n<p><\/p>\n<\/div>\n\n\n\n<div class=\"wp-block-column is-layout-flow wp-block-column-is-layout-flow\" style=\"flex-basis:60.34%\">\n<div class=\"wp-block-jetpack-slideshow aligncenter\" data-effect=\"slide\"><div class=\"wp-block-jetpack-slideshow_container swiper-container\"><ul class=\"wp-block-jetpack-slideshow_swiper-wrapper swiper-wrapper\"><li class=\"wp-block-jetpack-slideshow_slide swiper-slide\"><figure><img loading=\"lazy\" decoding=\"async\" width=\"1024\" height=\"683\" alt=\"\" class=\"wp-block-jetpack-slideshow_image wp-image-200\" data-id=\"200\" src=\"https:\/\/moulotheque-vannerie.fr\/wp-content\/uploads\/2021\/02\/Fabrication-Pierre-Eveillard-vannerie-moule-3d-55-1024x683.jpg\" srcset=\"https:\/\/moulotheque-vannerie.fr\/wp-content\/uploads\/2021\/02\/Fabrication-Pierre-Eveillard-vannerie-moule-3d-55-1024x683.jpg 1024w, https:\/\/moulotheque-vannerie.fr\/wp-content\/uploads\/2021\/02\/Fabrication-Pierre-Eveillard-vannerie-moule-3d-55-640x427.jpg 640w, https:\/\/moulotheque-vannerie.fr\/wp-content\/uploads\/2021\/02\/Fabrication-Pierre-Eveillard-vannerie-moule-3d-55-768x512.jpg 768w, https:\/\/moulotheque-vannerie.fr\/wp-content\/uploads\/2021\/02\/Fabrication-Pierre-Eveillard-vannerie-moule-3d-55-1536x1024.jpg 1536w, https:\/\/moulotheque-vannerie.fr\/wp-content\/uploads\/2021\/02\/Fabrication-Pierre-Eveillard-vannerie-moule-3d-55-2048x1365.jpg 2048w, https:\/\/moulotheque-vannerie.fr\/wp-content\/uploads\/2021\/02\/Fabrication-Pierre-Eveillard-vannerie-moule-3d-55-1200x800.jpg 1200w, https:\/\/moulotheque-vannerie.fr\/wp-content\/uploads\/2021\/02\/Fabrication-Pierre-Eveillard-vannerie-moule-3d-55-1980x1320.jpg 1980w, https:\/\/moulotheque-vannerie.fr\/wp-content\/uploads\/2021\/02\/Fabrication-Pierre-Eveillard-vannerie-moule-3d-55-300x200.jpg 300w\" sizes=\"(max-width: 1024px) 100vw, 1024px\" \/><figcaption class=\"wp-block-jetpack-slideshow_caption gallery-caption\">Moule imprim\u00e9 et osier<\/figcaption><\/figure><\/li><li class=\"wp-block-jetpack-slideshow_slide swiper-slide\"><figure><img loading=\"lazy\" decoding=\"async\" width=\"1024\" height=\"683\" alt=\"\" class=\"wp-block-jetpack-slideshow_image wp-image-211\" data-id=\"211\" src=\"https:\/\/moulotheque-vannerie.fr\/wp-content\/uploads\/2021\/02\/Fabrication-Pierre-Eveillard-vannerie-moule-3d-2-1024x683.jpg\" srcset=\"https:\/\/moulotheque-vannerie.fr\/wp-content\/uploads\/2021\/02\/Fabrication-Pierre-Eveillard-vannerie-moule-3d-2-1024x683.jpg 1024w, https:\/\/moulotheque-vannerie.fr\/wp-content\/uploads\/2021\/02\/Fabrication-Pierre-Eveillard-vannerie-moule-3d-2-640x427.jpg 640w, https:\/\/moulotheque-vannerie.fr\/wp-content\/uploads\/2021\/02\/Fabrication-Pierre-Eveillard-vannerie-moule-3d-2-768x512.jpg 768w, https:\/\/moulotheque-vannerie.fr\/wp-content\/uploads\/2021\/02\/Fabrication-Pierre-Eveillard-vannerie-moule-3d-2-1536x1024.jpg 1536w, https:\/\/moulotheque-vannerie.fr\/wp-content\/uploads\/2021\/02\/Fabrication-Pierre-Eveillard-vannerie-moule-3d-2-2048x1365.jpg 2048w, https:\/\/moulotheque-vannerie.fr\/wp-content\/uploads\/2021\/02\/Fabrication-Pierre-Eveillard-vannerie-moule-3d-2-1200x800.jpg 1200w, https:\/\/moulotheque-vannerie.fr\/wp-content\/uploads\/2021\/02\/Fabrication-Pierre-Eveillard-vannerie-moule-3d-2-1980x1320.jpg 1980w, https:\/\/moulotheque-vannerie.fr\/wp-content\/uploads\/2021\/02\/Fabrication-Pierre-Eveillard-vannerie-moule-3d-2-300x200.jpg 300w\" sizes=\"(max-width: 1024px) 100vw, 1024px\" \/><figcaption class=\"wp-block-jetpack-slideshow_caption gallery-caption\">Fixation du fond sur le moule<\/figcaption><\/figure><\/li><li class=\"wp-block-jetpack-slideshow_slide swiper-slide\"><figure><img loading=\"lazy\" decoding=\"async\" width=\"1024\" height=\"683\" alt=\"\" class=\"wp-block-jetpack-slideshow_image wp-image-213\" data-id=\"213\" src=\"https:\/\/moulotheque-vannerie.fr\/wp-content\/uploads\/2021\/02\/Fabrication-Pierre-Eveillard-vannerie-moule-3d-5-1024x683.jpg\" srcset=\"https:\/\/moulotheque-vannerie.fr\/wp-content\/uploads\/2021\/02\/Fabrication-Pierre-Eveillard-vannerie-moule-3d-5-1024x683.jpg 1024w, https:\/\/moulotheque-vannerie.fr\/wp-content\/uploads\/2021\/02\/Fabrication-Pierre-Eveillard-vannerie-moule-3d-5-640x427.jpg 640w, https:\/\/moulotheque-vannerie.fr\/wp-content\/uploads\/2021\/02\/Fabrication-Pierre-Eveillard-vannerie-moule-3d-5-768x512.jpg 768w, https:\/\/moulotheque-vannerie.fr\/wp-content\/uploads\/2021\/02\/Fabrication-Pierre-Eveillard-vannerie-moule-3d-5-1536x1024.jpg 1536w, https:\/\/moulotheque-vannerie.fr\/wp-content\/uploads\/2021\/02\/Fabrication-Pierre-Eveillard-vannerie-moule-3d-5-2048x1365.jpg 2048w, https:\/\/moulotheque-vannerie.fr\/wp-content\/uploads\/2021\/02\/Fabrication-Pierre-Eveillard-vannerie-moule-3d-5-1200x800.jpg 1200w, https:\/\/moulotheque-vannerie.fr\/wp-content\/uploads\/2021\/02\/Fabrication-Pierre-Eveillard-vannerie-moule-3d-5-1980x1320.jpg 1980w, https:\/\/moulotheque-vannerie.fr\/wp-content\/uploads\/2021\/02\/Fabrication-Pierre-Eveillard-vannerie-moule-3d-5-300x200.jpg 300w\" sizes=\"(max-width: 1024px) 100vw, 1024px\" \/><figcaption class=\"wp-block-jetpack-slideshow_caption gallery-caption\">Pose des montants <\/figcaption><\/figure><\/li><li class=\"wp-block-jetpack-slideshow_slide swiper-slide\"><figure><img loading=\"lazy\" decoding=\"async\" width=\"1024\" height=\"683\" alt=\"\" class=\"wp-block-jetpack-slideshow_image wp-image-214\" data-id=\"214\" src=\"https:\/\/moulotheque-vannerie.fr\/wp-content\/uploads\/2021\/02\/Fabrication-Pierre-Eveillard-vannerie-moule-3d-7-1024x683.jpg\" srcset=\"https:\/\/moulotheque-vannerie.fr\/wp-content\/uploads\/2021\/02\/Fabrication-Pierre-Eveillard-vannerie-moule-3d-7-1024x683.jpg 1024w, https:\/\/moulotheque-vannerie.fr\/wp-content\/uploads\/2021\/02\/Fabrication-Pierre-Eveillard-vannerie-moule-3d-7-640x427.jpg 640w, https:\/\/moulotheque-vannerie.fr\/wp-content\/uploads\/2021\/02\/Fabrication-Pierre-Eveillard-vannerie-moule-3d-7-768x512.jpg 768w, https:\/\/moulotheque-vannerie.fr\/wp-content\/uploads\/2021\/02\/Fabrication-Pierre-Eveillard-vannerie-moule-3d-7-1536x1024.jpg 1536w, https:\/\/moulotheque-vannerie.fr\/wp-content\/uploads\/2021\/02\/Fabrication-Pierre-Eveillard-vannerie-moule-3d-7-2048x1365.jpg 2048w, https:\/\/moulotheque-vannerie.fr\/wp-content\/uploads\/2021\/02\/Fabrication-Pierre-Eveillard-vannerie-moule-3d-7-1200x800.jpg 1200w, https:\/\/moulotheque-vannerie.fr\/wp-content\/uploads\/2021\/02\/Fabrication-Pierre-Eveillard-vannerie-moule-3d-7-1980x1320.jpg 1980w, https:\/\/moulotheque-vannerie.fr\/wp-content\/uploads\/2021\/02\/Fabrication-Pierre-Eveillard-vannerie-moule-3d-7-300x200.jpg 300w\" sizes=\"(max-width: 1024px) 100vw, 1024px\" \/><figcaption class=\"wp-block-jetpack-slideshow_caption gallery-caption\">Tressage de la cl\u00f4ture<\/figcaption><\/figure><\/li><li class=\"wp-block-jetpack-slideshow_slide swiper-slide\"><figure><img loading=\"lazy\" decoding=\"async\" width=\"1024\" height=\"683\" alt=\"\" class=\"wp-block-jetpack-slideshow_image wp-image-199\" data-id=\"199\" src=\"https:\/\/moulotheque-vannerie.fr\/wp-content\/uploads\/2021\/02\/Fabrication-Pierre-Eveillard-vannerie-moule-3d-53-1024x683.jpg\" srcset=\"https:\/\/moulotheque-vannerie.fr\/wp-content\/uploads\/2021\/02\/Fabrication-Pierre-Eveillard-vannerie-moule-3d-53-1024x683.jpg 1024w, https:\/\/moulotheque-vannerie.fr\/wp-content\/uploads\/2021\/02\/Fabrication-Pierre-Eveillard-vannerie-moule-3d-53-640x427.jpg 640w, https:\/\/moulotheque-vannerie.fr\/wp-content\/uploads\/2021\/02\/Fabrication-Pierre-Eveillard-vannerie-moule-3d-53-768x512.jpg 768w, https:\/\/moulotheque-vannerie.fr\/wp-content\/uploads\/2021\/02\/Fabrication-Pierre-Eveillard-vannerie-moule-3d-53-1536x1024.jpg 1536w, https:\/\/moulotheque-vannerie.fr\/wp-content\/uploads\/2021\/02\/Fabrication-Pierre-Eveillard-vannerie-moule-3d-53-2048x1365.jpg 2048w, https:\/\/moulotheque-vannerie.fr\/wp-content\/uploads\/2021\/02\/Fabrication-Pierre-Eveillard-vannerie-moule-3d-53-1200x800.jpg 1200w, https:\/\/moulotheque-vannerie.fr\/wp-content\/uploads\/2021\/02\/Fabrication-Pierre-Eveillard-vannerie-moule-3d-53-1980x1320.jpg 1980w, https:\/\/moulotheque-vannerie.fr\/wp-content\/uploads\/2021\/02\/Fabrication-Pierre-Eveillard-vannerie-moule-3d-53-300x200.jpg 300w\" sizes=\"(max-width: 1024px) 100vw, 1024px\" \/><figcaption class=\"wp-block-jetpack-slideshow_caption gallery-caption\">D\u00e9vissage du fond<\/figcaption><\/figure><\/li><li class=\"wp-block-jetpack-slideshow_slide swiper-slide\"><figure><img loading=\"lazy\" decoding=\"async\" width=\"1024\" height=\"683\" alt=\"\" class=\"wp-block-jetpack-slideshow_image wp-image-202\" data-id=\"202\" src=\"https:\/\/moulotheque-vannerie.fr\/wp-content\/uploads\/2021\/02\/Fabrication-Pierre-Eveillard-vannerie-moule-3d-63-1024x683.jpg\" srcset=\"https:\/\/moulotheque-vannerie.fr\/wp-content\/uploads\/2021\/02\/Fabrication-Pierre-Eveillard-vannerie-moule-3d-63-1024x683.jpg 1024w, https:\/\/moulotheque-vannerie.fr\/wp-content\/uploads\/2021\/02\/Fabrication-Pierre-Eveillard-vannerie-moule-3d-63-640x427.jpg 640w, https:\/\/moulotheque-vannerie.fr\/wp-content\/uploads\/2021\/02\/Fabrication-Pierre-Eveillard-vannerie-moule-3d-63-768x512.jpg 768w, https:\/\/moulotheque-vannerie.fr\/wp-content\/uploads\/2021\/02\/Fabrication-Pierre-Eveillard-vannerie-moule-3d-63-1536x1024.jpg 1536w, https:\/\/moulotheque-vannerie.fr\/wp-content\/uploads\/2021\/02\/Fabrication-Pierre-Eveillard-vannerie-moule-3d-63-2048x1365.jpg 2048w, https:\/\/moulotheque-vannerie.fr\/wp-content\/uploads\/2021\/02\/Fabrication-Pierre-Eveillard-vannerie-moule-3d-63-1200x800.jpg 1200w, https:\/\/moulotheque-vannerie.fr\/wp-content\/uploads\/2021\/02\/Fabrication-Pierre-Eveillard-vannerie-moule-3d-63-1980x1320.jpg 1980w, https:\/\/moulotheque-vannerie.fr\/wp-content\/uploads\/2021\/02\/Fabrication-Pierre-Eveillard-vannerie-moule-3d-63-300x200.jpg 300w\" sizes=\"(max-width: 1024px) 100vw, 1024px\" \/><figcaption class=\"wp-block-jetpack-slideshow_caption gallery-caption\">Tressage de la bordure<\/figcaption><\/figure><\/li><li class=\"wp-block-jetpack-slideshow_slide swiper-slide\"><figure><img loading=\"lazy\" decoding=\"async\" width=\"1024\" height=\"683\" alt=\"\" class=\"wp-block-jetpack-slideshow_image wp-image-206\" data-id=\"206\" src=\"https:\/\/moulotheque-vannerie.fr\/wp-content\/uploads\/2021\/02\/Fabrication-Pierre-Eveillard-vannerie-moule-3d-82-1024x683.jpg\" srcset=\"https:\/\/moulotheque-vannerie.fr\/wp-content\/uploads\/2021\/02\/Fabrication-Pierre-Eveillard-vannerie-moule-3d-82-1024x683.jpg 1024w, https:\/\/moulotheque-vannerie.fr\/wp-content\/uploads\/2021\/02\/Fabrication-Pierre-Eveillard-vannerie-moule-3d-82-640x427.jpg 640w, https:\/\/moulotheque-vannerie.fr\/wp-content\/uploads\/2021\/02\/Fabrication-Pierre-Eveillard-vannerie-moule-3d-82-768x512.jpg 768w, https:\/\/moulotheque-vannerie.fr\/wp-content\/uploads\/2021\/02\/Fabrication-Pierre-Eveillard-vannerie-moule-3d-82-1536x1024.jpg 1536w, https:\/\/moulotheque-vannerie.fr\/wp-content\/uploads\/2021\/02\/Fabrication-Pierre-Eveillard-vannerie-moule-3d-82-2048x1365.jpg 2048w, https:\/\/moulotheque-vannerie.fr\/wp-content\/uploads\/2021\/02\/Fabrication-Pierre-Eveillard-vannerie-moule-3d-82-1200x800.jpg 1200w, https:\/\/moulotheque-vannerie.fr\/wp-content\/uploads\/2021\/02\/Fabrication-Pierre-Eveillard-vannerie-moule-3d-82-1980x1320.jpg 1980w, https:\/\/moulotheque-vannerie.fr\/wp-content\/uploads\/2021\/02\/Fabrication-Pierre-Eveillard-vannerie-moule-3d-82-300x200.jpg 300w\" sizes=\"(max-width: 1024px) 100vw, 1024px\" \/><figcaption class=\"wp-block-jetpack-slideshow_caption gallery-caption\">Coupe des brins d\u00e9passants<\/figcaption><\/figure><\/li><li class=\"wp-block-jetpack-slideshow_slide swiper-slide\"><figure><img loading=\"lazy\" decoding=\"async\" width=\"1024\" height=\"683\" alt=\"\" class=\"wp-block-jetpack-slideshow_image wp-image-207\" data-id=\"207\" src=\"https:\/\/moulotheque-vannerie.fr\/wp-content\/uploads\/2021\/02\/Fabrication-Pierre-Eveillard-vannerie-moule-3d-84-1024x683.jpg\" srcset=\"https:\/\/moulotheque-vannerie.fr\/wp-content\/uploads\/2021\/02\/Fabrication-Pierre-Eveillard-vannerie-moule-3d-84-1024x683.jpg 1024w, https:\/\/moulotheque-vannerie.fr\/wp-content\/uploads\/2021\/02\/Fabrication-Pierre-Eveillard-vannerie-moule-3d-84-640x427.jpg 640w, https:\/\/moulotheque-vannerie.fr\/wp-content\/uploads\/2021\/02\/Fabrication-Pierre-Eveillard-vannerie-moule-3d-84-768x512.jpg 768w, https:\/\/moulotheque-vannerie.fr\/wp-content\/uploads\/2021\/02\/Fabrication-Pierre-Eveillard-vannerie-moule-3d-84-1536x1024.jpg 1536w, https:\/\/moulotheque-vannerie.fr\/wp-content\/uploads\/2021\/02\/Fabrication-Pierre-Eveillard-vannerie-moule-3d-84-2048x1365.jpg 2048w, https:\/\/moulotheque-vannerie.fr\/wp-content\/uploads\/2021\/02\/Fabrication-Pierre-Eveillard-vannerie-moule-3d-84-1200x800.jpg 1200w, https:\/\/moulotheque-vannerie.fr\/wp-content\/uploads\/2021\/02\/Fabrication-Pierre-Eveillard-vannerie-moule-3d-84-1980x1320.jpg 1980w, https:\/\/moulotheque-vannerie.fr\/wp-content\/uploads\/2021\/02\/Fabrication-Pierre-Eveillard-vannerie-moule-3d-84-300x200.jpg 300w\" sizes=\"(max-width: 1024px) 100vw, 1024px\" \/><figcaption class=\"wp-block-jetpack-slideshow_caption gallery-caption\">Objet termin\u00e9<\/figcaption><\/figure><\/li><li class=\"wp-block-jetpack-slideshow_slide swiper-slide\"><figure><img loading=\"lazy\" decoding=\"async\" width=\"1024\" height=\"683\" alt=\"\" class=\"wp-block-jetpack-slideshow_image wp-image-210\" data-id=\"210\" src=\"https:\/\/moulotheque-vannerie.fr\/wp-content\/uploads\/2021\/02\/Fabrication-Pierre-Eveillard-vannerie-moule-3d-1-1024x683.jpg\" srcset=\"https:\/\/moulotheque-vannerie.fr\/wp-content\/uploads\/2021\/02\/Fabrication-Pierre-Eveillard-vannerie-moule-3d-1-1024x683.jpg 1024w, https:\/\/moulotheque-vannerie.fr\/wp-content\/uploads\/2021\/02\/Fabrication-Pierre-Eveillard-vannerie-moule-3d-1-640x427.jpg 640w, https:\/\/moulotheque-vannerie.fr\/wp-content\/uploads\/2021\/02\/Fabrication-Pierre-Eveillard-vannerie-moule-3d-1-768x512.jpg 768w, https:\/\/moulotheque-vannerie.fr\/wp-content\/uploads\/2021\/02\/Fabrication-Pierre-Eveillard-vannerie-moule-3d-1-1536x1024.jpg 1536w, https:\/\/moulotheque-vannerie.fr\/wp-content\/uploads\/2021\/02\/Fabrication-Pierre-Eveillard-vannerie-moule-3d-1-2048x1365.jpg 2048w, https:\/\/moulotheque-vannerie.fr\/wp-content\/uploads\/2021\/02\/Fabrication-Pierre-Eveillard-vannerie-moule-3d-1-1200x800.jpg 1200w, https:\/\/moulotheque-vannerie.fr\/wp-content\/uploads\/2021\/02\/Fabrication-Pierre-Eveillard-vannerie-moule-3d-1-1980x1320.jpg 1980w, https:\/\/moulotheque-vannerie.fr\/wp-content\/uploads\/2021\/02\/Fabrication-Pierre-Eveillard-vannerie-moule-3d-1-300x200.jpg 300w\" sizes=\"(max-width: 1024px) 100vw, 1024px\" \/><figcaption class=\"wp-block-jetpack-slideshow_caption gallery-caption\">Objet termin\u00e9<\/figcaption><\/figure><\/li><\/ul><a class=\"wp-block-jetpack-slideshow_button-prev swiper-button-prev swiper-button-white\" role=\"button\"><\/a><a class=\"wp-block-jetpack-slideshow_button-next swiper-button-next swiper-button-white\" role=\"button\"><\/a><a aria-label=\"Pause Slideshow\" class=\"wp-block-jetpack-slideshow_button-pause\" role=\"button\"><\/a><div class=\"wp-block-jetpack-slideshow_pagination swiper-pagination swiper-pagination-white\"><\/div><\/div><\/div>\n\n\n\n<p class=\"has-text-align-center\"><strong>Example of the different stages of weaving on a mould<\/strong>, <strong>3D printed with corn-based filament.<\/strong><\/p>\n\n\n\n<h6 class=\"wp-block-heading\">Constraints of basketry on mould<\/h6>\n\n\n\n<p>When weaving on a mould, the basket maker must:<\/p>\n\n\n\n<ul class=\"wp-block-list\"><li>Place the uprights before placing the mould<\/li><li>Flatten the uprights well on the mould<\/li><li>Make several fence areas to compensate the height difference<\/li><li>Let the wicker dry before removing the mould<\/li><li>Provide more uprights in the exterior curves<\/li><li>Ensure that the mold corresponds to the interior dimensions of the structure<\/li><\/ul>\n\n\n\n<p>Some characteristics of basketry:<\/p>\n\n\n\n<ul class=\"wp-block-list\"><li>It is difficult to make reentrant shapes (flaring is simpler)<\/li><li>Il est difficile de faire des angles saillants<\/li><li>An object will not necessarily be less expensive if its dimensions are smaller<\/li><li>Wicker is not sustainable outdoors<\/li><li>An object is easier to make with a rectangular, round or oval base<\/li><\/ul>\n<\/div>\n<\/div>\n\n\n\n<p><\/p>","protected":false},"excerpt":{"rendered":"<p>Les moules de vannerie sont des&nbsp;formes traditionnellement en bois qui servent de gabarit, de guide pour obtenir et reproduire une forme pr\u00e9cise. La particularit\u00e9 de certains est d&#8217;\u00eatre d\u00e9montable pour pouvoir facilement les ressortir de l&#8217;objet une fois le tressage termin\u00e9. L&#8217;impression 3D des moules offre des avantages en comparaison des moules en bois. Elle [&hellip;]<\/p>\n","protected":false},"author":1,"featured_media":177,"parent":0,"menu_order":0,"comment_status":"closed","ping_status":"closed","template":"templates\/template-cover.php","meta":{"_acf_changed":false,"footnotes":""},"class_list":["post-332","page","type-page","status-publish","has-post-thumbnail","hentry"],"acf":[],"jetpack_sharing_enabled":true,"_links":{"self":[{"href":"https:\/\/moulotheque-vannerie.fr\/en\/wp-json\/wp\/v2\/pages\/332","targetHints":{"allow":["GET"]}}],"collection":[{"href":"https:\/\/moulotheque-vannerie.fr\/en\/wp-json\/wp\/v2\/pages"}],"about":[{"href":"https:\/\/moulotheque-vannerie.fr\/en\/wp-json\/wp\/v2\/types\/page"}],"author":[{"embeddable":true,"href":"https:\/\/moulotheque-vannerie.fr\/en\/wp-json\/wp\/v2\/users\/1"}],"replies":[{"embeddable":true,"href":"https:\/\/moulotheque-vannerie.fr\/en\/wp-json\/wp\/v2\/comments?post=332"}],"version-history":[{"count":20,"href":"https:\/\/moulotheque-vannerie.fr\/en\/wp-json\/wp\/v2\/pages\/332\/revisions"}],"predecessor-version":[{"id":3002,"href":"https:\/\/moulotheque-vannerie.fr\/en\/wp-json\/wp\/v2\/pages\/332\/revisions\/3002"}],"wp:featuredmedia":[{"embeddable":true,"href":"https:\/\/moulotheque-vannerie.fr\/en\/wp-json\/wp\/v2\/media\/177"}],"wp:attachment":[{"href":"https:\/\/moulotheque-vannerie.fr\/en\/wp-json\/wp\/v2\/media?parent=332"}],"curies":[{"name":"wp","href":"https:\/\/api.w.org\/{rel}","templated":true}]}}