{"id":6,"date":"2020-07-21T13:43:09","date_gmt":"2020-07-21T13:43:09","guid":{"rendered":"http:\/\/cdpv.ensad-nancy.net\/?page_id=6"},"modified":"2023-12-31T09:25:23","modified_gmt":"2023-12-31T09:25:23","slug":"le-nouveau-e-mucem-ouvre-ses-portes-2","status":"publish","type":"page","link":"https:\/\/moulotheque-vannerie.fr\/en\/","title":{"rendered":""},"content":{"rendered":"<div class=\"wp-block-group alignfull\"><div class=\"wp-block-group__inner-container is-layout-flow wp-block-group-is-layout-flow\">\n<h2 class=\"wp-block-heading alignwide has-text-align-center\">The objective of the \"mouloth\u00e8que virtuelle\" is the conservation of cultural heritage. It also has didactic, creation and dissemination objectives.<\/h2>\n<\/div><\/div>\n\n\n\n<div class=\"wp-block-columns alignwide is-layout-flex wp-container-core-columns-is-layout-9d6595d7 wp-block-columns-is-layout-flex\">\n<div class=\"wp-block-column is-layout-flow wp-block-column-is-layout-flow\">\n<div class=\"wp-block-group\"><div class=\"wp-block-group__inner-container is-layout-flow wp-block-group-is-layout-flow\">\n<figure class=\"wp-block-image size-large\"><a href=\"https:\/\/moulotheque-vannerie.fr\/wp-content\/uploads\/2022\/04\/Vannerie-sur-moule.jpg\"><img loading=\"lazy\" decoding=\"async\" width=\"1024\" height=\"768\" src=\"https:\/\/moulotheque-vannerie.fr\/wp-content\/uploads\/2022\/04\/Vannerie-sur-moule-1024x768.jpg\" alt=\"\" class=\"wp-image-2565\" srcset=\"https:\/\/moulotheque-vannerie.fr\/wp-content\/uploads\/2022\/04\/Vannerie-sur-moule-1024x768.jpg 1024w, https:\/\/moulotheque-vannerie.fr\/wp-content\/uploads\/2022\/04\/Vannerie-sur-moule-640x480.jpg 640w, https:\/\/moulotheque-vannerie.fr\/wp-content\/uploads\/2022\/04\/Vannerie-sur-moule-768x576.jpg 768w, https:\/\/moulotheque-vannerie.fr\/wp-content\/uploads\/2022\/04\/Vannerie-sur-moule-1536x1152.jpg 1536w, https:\/\/moulotheque-vannerie.fr\/wp-content\/uploads\/2022\/04\/Vannerie-sur-moule-16x12.jpg 16w, https:\/\/moulotheque-vannerie.fr\/wp-content\/uploads\/2022\/04\/Vannerie-sur-moule-1200x900.jpg 1200w, https:\/\/moulotheque-vannerie.fr\/wp-content\/uploads\/2022\/04\/Vannerie-sur-moule-400x300.jpg 400w, https:\/\/moulotheque-vannerie.fr\/wp-content\/uploads\/2022\/04\/Vannerie-sur-moule.jpg 1920w\" sizes=\"auto, (max-width: 1024px) 100vw, 1024px\" \/><\/a><\/figure>\n\n\n\n<h3 class=\"wp-block-heading\">Basketry on mould<\/h3>\n\n\n\n<p class=\"has-small-font-size\">Basketry moulds are traditionally wooden shapes that serve as a template, a guide to obtain and reproduce a precise shape. The particularity of some is to be removable to be able to easily take them out of the object once the braiding is finished.<\/p>\n\n\n\n<div class=\"wp-block-button is-style-outline is-style-outline--1\"><a class=\"wp-block-button__link has-text-color wp-element-button\" href=\"https:\/\/moulotheque-vannerie.fr\/en\/la-vannerie-sur-moule\/\" style=\"color:#2c93ab\">Read more<\/a><\/div>\n<\/div><\/div>\n\n\n\n<div class=\"wp-block-group\"><div class=\"wp-block-group__inner-container is-layout-flow wp-block-group-is-layout-flow\"><\/div><\/div>\n<\/div>\n\n\n\n<div class=\"wp-block-column is-layout-flow wp-block-column-is-layout-flow\">\n<div class=\"wp-block-group\"><div class=\"wp-block-group__inner-container is-layout-flow wp-block-group-is-layout-flow\">\n<figure class=\"wp-block-image alignfull size-large\"><a href=\"https:\/\/moulotheque-vannerie.fr\/wp-content\/uploads\/2022\/05\/DM-Lab-Moulotheque.2.jpg\"><img loading=\"lazy\" decoding=\"async\" width=\"1024\" height=\"768\" src=\"https:\/\/moulotheque-vannerie.fr\/wp-content\/uploads\/2022\/05\/DM-Lab-Moulotheque.2-1024x768.jpg\" alt=\"\" class=\"wp-image-2792\" srcset=\"https:\/\/moulotheque-vannerie.fr\/wp-content\/uploads\/2022\/05\/DM-Lab-Moulotheque.2-1024x768.jpg 1024w, https:\/\/moulotheque-vannerie.fr\/wp-content\/uploads\/2022\/05\/DM-Lab-Moulotheque.2-640x480.jpg 640w, https:\/\/moulotheque-vannerie.fr\/wp-content\/uploads\/2022\/05\/DM-Lab-Moulotheque.2-768x576.jpg 768w, https:\/\/moulotheque-vannerie.fr\/wp-content\/uploads\/2022\/05\/DM-Lab-Moulotheque.2-1536x1152.jpg 1536w, https:\/\/moulotheque-vannerie.fr\/wp-content\/uploads\/2022\/05\/DM-Lab-Moulotheque.2-16x12.jpg 16w, https:\/\/moulotheque-vannerie.fr\/wp-content\/uploads\/2022\/05\/DM-Lab-Moulotheque.2-1200x900.jpg 1200w, https:\/\/moulotheque-vannerie.fr\/wp-content\/uploads\/2022\/05\/DM-Lab-Moulotheque.2-400x300.jpg 400w, https:\/\/moulotheque-vannerie.fr\/wp-content\/uploads\/2022\/05\/DM-Lab-Moulotheque.2.jpg 1920w\" sizes=\"auto, (max-width: 1024px) 100vw, 1024px\" \/><\/a><\/figure>\n\n\n\n<h3 class=\"wp-block-heading\">Moulds library<\/h3>\n\n\n\n<p class=\"has-small-font-size\">The traditional wooden moulds were modeled and then printed in 3D. You can thus access their plans and printing files in the mould library.<\/p>\n\n\n\n<div class=\"wp-block-button is-style-outline is-style-outline--2\"><a class=\"wp-block-button__link has-text-color wp-element-button\" href=\"https:\/\/moulotheque-vannerie.fr\/en\/moulotheque\/\" style=\"color:#2c93ab\">Access to the mould library<\/a><\/div>\n<\/div><\/div>\n\n\n\n<div class=\"wp-block-buttons is-content-justification-center is-layout-flex wp-container-core-buttons-is-layout-16018d1d wp-block-buttons-is-layout-flex\"><\/div>\n\n\n\n<div class=\"wp-block-group\"><div class=\"wp-block-group__inner-container is-layout-flow wp-block-group-is-layout-flow\"><\/div><\/div>\n<\/div>\n<\/div>\n\n\n\n<figure class=\"wp-block-image alignwide size-large\"><img loading=\"lazy\" decoding=\"async\" width=\"2560\" height=\"1707\" src=\"https:\/\/moulotheque-vannerie.fr\/wp-content\/uploads\/2022\/03\/0014-edited-scaled.jpg\" alt=\"\" class=\"wp-image-2110\" srcset=\"https:\/\/moulotheque-vannerie.fr\/wp-content\/uploads\/2022\/03\/0014-edited-scaled.jpg 2560w, https:\/\/moulotheque-vannerie.fr\/wp-content\/uploads\/2022\/03\/0014-edited-640x427.jpg 640w, https:\/\/moulotheque-vannerie.fr\/wp-content\/uploads\/2022\/03\/0014-edited-1024x683.jpg 1024w, https:\/\/moulotheque-vannerie.fr\/wp-content\/uploads\/2022\/03\/0014-edited-768x512.jpg 768w, https:\/\/moulotheque-vannerie.fr\/wp-content\/uploads\/2022\/03\/0014-edited-1536x1024.jpg 1536w, https:\/\/moulotheque-vannerie.fr\/wp-content\/uploads\/2022\/03\/0014-edited-2048x1366.jpg 2048w, https:\/\/moulotheque-vannerie.fr\/wp-content\/uploads\/2022\/03\/0014-edited-1200x800.jpg 1200w, https:\/\/moulotheque-vannerie.fr\/wp-content\/uploads\/2022\/03\/0014-edited-1980x1321.jpg 1980w\" sizes=\"auto, (max-width: 2560px) 100vw, 2560px\" \/><\/figure>\n\n\n\n<h3 class=\"wp-block-heading alignwide\">Designers' projects<\/h3>\n\n\n\n<div class=\"wp-block-columns alignwide are-vertically-aligned-center is-layout-flex wp-container-core-columns-is-layout-9d6595d7 wp-block-columns-is-layout-flex\">\n<div class=\"wp-block-column is-vertically-aligned-center is-layout-flow wp-block-column-is-layout-flow\" style=\"flex-basis:100%\">\n<p class=\"has-text-align-left has-small-font-size\">The students of the design option at ENSAD Nancy have designed their own moulds in order to create new objects. These projects demonstrate the potential of digital technologies for mould basketry. The purpose of the \"mouloth\u00e8que virtuelle\" website is to encourage collaboration between the designers and basket makers of the CDPV, to welcome all projects. <\/p>\n\n\n\n<p class=\"has-text-align-left has-small-font-size\">If you have a project, do not hesitate to contact the CDPV!<\/p>\n<\/div>\n<\/div>\n\n\n\n<div class=\"wp-block-buttons alignwide is-horizontal is-content-justification-center is-layout-flex wp-container-core-buttons-is-layout-937ffba9 wp-block-buttons-is-layout-flex\">\n<div class=\"wp-block-button is-style-outline is-style-outline--3\"><a class=\"wp-block-button__link has-text-color wp-element-button\" href=\"https:\/\/moulotheque-vannerie.fr\/en\/projets\" style=\"color:#2c93ab\">Go to the projects<\/a><\/div>\n<\/div>\n\n\n\n<p><\/p>","protected":false},"excerpt":{"rendered":"<p>La mouloth\u00e8que virtuelle a pour objectif la conservation du patrimoine culturel. Elle a \u00e9galement des objectifs didactiques, de cr\u00e9ation et de diffusion. La vannerie sur moule Les moules de vannerie sont des&nbsp;formes traditionnellement en bois qui servent de gabarit, de guide pour obtenir et reproduire une forme pr\u00e9cise. La particularit\u00e9 de certains est d\u2019\u00eatre d\u00e9montable [&hellip;]<\/p>\n","protected":false},"author":1,"featured_media":2534,"parent":0,"menu_order":0,"comment_status":"closed","ping_status":"closed","template":"templates\/template-cover.php","meta":{"_acf_changed":false,"footnotes":""},"class_list":["post-6","page","type-page","status-publish","has-post-thumbnail","hentry"],"acf":[],"jetpack_sharing_enabled":true,"_links":{"self":[{"href":"https:\/\/moulotheque-vannerie.fr\/en\/wp-json\/wp\/v2\/pages\/6","targetHints":{"allow":["GET"]}}],"collection":[{"href":"https:\/\/moulotheque-vannerie.fr\/en\/wp-json\/wp\/v2\/pages"}],"about":[{"href":"https:\/\/moulotheque-vannerie.fr\/en\/wp-json\/wp\/v2\/types\/page"}],"author":[{"embeddable":true,"href":"https:\/\/moulotheque-vannerie.fr\/en\/wp-json\/wp\/v2\/users\/1"}],"replies":[{"embeddable":true,"href":"https:\/\/moulotheque-vannerie.fr\/en\/wp-json\/wp\/v2\/comments?post=6"}],"version-history":[{"count":54,"href":"https:\/\/moulotheque-vannerie.fr\/en\/wp-json\/wp\/v2\/pages\/6\/revisions"}],"predecessor-version":[{"id":3366,"href":"https:\/\/moulotheque-vannerie.fr\/en\/wp-json\/wp\/v2\/pages\/6\/revisions\/3366"}],"wp:featuredmedia":[{"embeddable":true,"href":"https:\/\/moulotheque-vannerie.fr\/en\/wp-json\/wp\/v2\/media\/2534"}],"wp:attachment":[{"href":"https:\/\/moulotheque-vannerie.fr\/en\/wp-json\/wp\/v2\/media?parent=6"}],"curies":[{"name":"wp","href":"https:\/\/api.w.org\/{rel}","templated":true}]}}